{"id":212,"date":"2023-11-21T12:25:34","date_gmt":"2023-11-21T12:25:34","guid":{"rendered":"https:\/\/mbxglobal.cl\/?post_type=product&#038;p=212"},"modified":"2025-03-12T19:23:13","modified_gmt":"2025-03-12T19:23:13","slug":"producto-4","status":"publish","type":"product","link":"https:\/\/mbxglobal.cl\/index.php\/product\/producto-4\/","title":{"rendered":"JEANS MEZCLILLA 14oz"},"content":{"rendered":"<p>CARACTACTERISTICAS<\/p>\n<ul>\n<li>JEANS MEZCLILLA 14oz<\/li>\n<li>Modelo: Workwear<\/li>\n<li>100% Algod\u00f3n<\/li>\n<li>Gramaje: 14 Onzas<\/li>\n<li>Es muy resistente al uso intenso, convirti\u00e9ndose as\u00ed en una prenda de larga duraci\u00f3n.<\/li>\n<li>Dos bolsillos parche en parte trasera<\/li>\n<\/ul>\n","protected":false},"excerpt":{"rendered":"<p>Pantal\u00f3n para trabajo pesado en interior o exterior. Jean 100% algod\u00f3n resistente al uso intenso, se caracteriza por ser una prenda de larga duraci\u00f3n. Dise\u00f1o de corte recto trae incorporado dos bolsillos americanos, m\u00e1s dos bolsillos parche en parte traseras.<\/p>\n<p>&nbsp;<\/p>\n","protected":false},"featured_media":426,"comment_status":"open","ping_status":"closed","template":"","meta":[],"product_brand":[],"product_cat":[22,29],"product_tag":[],"class_list":{"0":"post-212","1":"product","2":"type-product","3":"status-publish","4":"has-post-thumbnail","6":"product_cat-hombres","7":"product_cat-pantalones","9":"first","10":"instock","11":"shipping-taxable","12":"product-type-simple"},"_links":{"self":[{"href":"https:\/\/mbxglobal.cl\/index.php\/wp-json\/wp\/v2\/product\/212","targetHints":{"allow":["GET"]}}],"collection":[{"href":"https:\/\/mbxglobal.cl\/index.php\/wp-json\/wp\/v2\/product"}],"about":[{"href":"https:\/\/mbxglobal.cl\/index.php\/wp-json\/wp\/v2\/types\/product"}],"replies":[{"embeddable":true,"href":"https:\/\/mbxglobal.cl\/index.php\/wp-json\/wp\/v2\/comments?post=212"}],"wp:featuredmedia":[{"embeddable":true,"href":"https:\/\/mbxglobal.cl\/index.php\/wp-json\/wp\/v2\/media\/426"}],"wp:attachment":[{"href":"https:\/\/mbxglobal.cl\/index.php\/wp-json\/wp\/v2\/media?parent=212"}],"wp:term":[{"taxonomy":"product_brand","embeddable":true,"href":"https:\/\/mbxglobal.cl\/index.php\/wp-json\/wp\/v2\/product_brand?post=212"},{"taxonomy":"product_cat","embeddable":true,"href":"https:\/\/mbxglobal.cl\/index.php\/wp-json\/wp\/v2\/product_cat?post=212"},{"taxonomy":"product_tag","embeddable":true,"href":"https:\/\/mbxglobal.cl\/index.php\/wp-json\/wp\/v2\/product_tag?post=212"}],"curies":[{"name":"wp","href":"https:\/\/api.w.org\/{rel}","templated":true}]}}