{"id":217,"date":"2023-11-21T12:28:05","date_gmt":"2023-11-21T12:28:05","guid":{"rendered":"https:\/\/mbxglobal.cl\/?post_type=product&#038;p=217"},"modified":"2023-12-05T19:09:25","modified_gmt":"2023-12-05T19:09:25","slug":"producto-6","status":"publish","type":"product","link":"https:\/\/mbxglobal.cl\/index.php\/product\/producto-6\/","title":{"rendered":"CAMISA OXFORD HOMBRE"},"content":{"rendered":"<p>CARACTACTERISTICAS<\/p>\n<p>CAMISA OXFORD HOMBRE<\/p>\n<ul>\n<li>Modelo: Cuello camisero<\/li>\n<li>Tela que brinda comodidad y estilo.<\/li>\n<li>Calidad y consistencia en su color.<\/li>\n<li>Resistencia y durabilidad sin afectar comodidad y dise\u00f1o.<\/li>\n<li>Cuello camisero con botones en aletas<\/li>\n<li>Basta en medialuna.<\/li>\n<li>Tabla encontrada en la espalda para otorgar mayor comodidad y holgura.<\/li>\n<li>Manga con un bot\u00f3n en tajal\u00ed y en pu\u00f1o.<\/li>\n<\/ul>\n","protected":false},"excerpt":{"rendered":"<p>Camisa Oxford color celeste o blanco 70% algod\u00f3n 30% poli\u00e9ster. Excelente presentaci\u00f3n, ideal para ejecutivos, jefaturas y supervisores.<\/p>\n","protected":false},"featured_media":421,"comment_status":"open","ping_status":"closed","template":"","meta":[],"product_brand":[],"product_cat":[22,25],"product_tag":[],"class_list":{"0":"post-217","1":"product","2":"type-product","3":"status-publish","4":"has-post-thumbnail","6":"product_cat-hombres","7":"product_cat-camisas","9":"first","10":"instock","11":"featured","12":"shipping-taxable","13":"product-type-simple"},"_links":{"self":[{"href":"https:\/\/mbxglobal.cl\/index.php\/wp-json\/wp\/v2\/product\/217","targetHints":{"allow":["GET"]}}],"collection":[{"href":"https:\/\/mbxglobal.cl\/index.php\/wp-json\/wp\/v2\/product"}],"about":[{"href":"https:\/\/mbxglobal.cl\/index.php\/wp-json\/wp\/v2\/types\/product"}],"replies":[{"embeddable":true,"href":"https:\/\/mbxglobal.cl\/index.php\/wp-json\/wp\/v2\/comments?post=217"}],"wp:featuredmedia":[{"embeddable":true,"href":"https:\/\/mbxglobal.cl\/index.php\/wp-json\/wp\/v2\/media\/421"}],"wp:attachment":[{"href":"https:\/\/mbxglobal.cl\/index.php\/wp-json\/wp\/v2\/media?parent=217"}],"wp:term":[{"taxonomy":"product_brand","embeddable":true,"href":"https:\/\/mbxglobal.cl\/index.php\/wp-json\/wp\/v2\/product_brand?post=217"},{"taxonomy":"product_cat","embeddable":true,"href":"https:\/\/mbxglobal.cl\/index.php\/wp-json\/wp\/v2\/product_cat?post=217"},{"taxonomy":"product_tag","embeddable":true,"href":"https:\/\/mbxglobal.cl\/index.php\/wp-json\/wp\/v2\/product_tag?post=217"}],"curies":[{"name":"wp","href":"https:\/\/api.w.org\/{rel}","templated":true}]}}