{"id":417,"date":"2023-12-05T19:04:00","date_gmt":"2023-12-05T19:04:00","guid":{"rendered":"https:\/\/mbxglobal.cl\/?post_type=product&#038;p=417"},"modified":"2023-12-05T19:05:08","modified_gmt":"2023-12-05T19:05:08","slug":"camisa-trevira-hombre-m-c","status":"publish","type":"product","link":"https:\/\/mbxglobal.cl\/index.php\/product\/camisa-trevira-hombre-m-c\/","title":{"rendered":"CAMISA TREVIRA HOMBRE M\/C"},"content":{"rendered":"<p>CARACTACTERISTICAS<\/p>\n<p>CAMISA TREVIRA HOMBRE M\/C<\/p>\n<ul>\n<li>Modelo: Cuello camisero<\/li>\n<li>Tela que brinda comodidad y estilo.<\/li>\n<li>Calidad y consistencia en su color.<\/li>\n<li>Resistencia y durabilidad sin afectar comodidad y dise\u00f1o.<\/li>\n<li>Cuello camisero con botones en aletas<\/li>\n<li>Basta en medialuna.<\/li>\n<li>Tabla encontrada en la espalda para otorgar mayor comodidad y holgura.<\/li>\n<\/ul>\n","protected":false},"excerpt":{"rendered":"<p>Camisa trevira color seg\u00fan stock 65 % poli\u00e9ster 35% algod\u00f3n. Excelente presentaci\u00f3n, ideal para ejecutivos, jefaturas y supervisores.<\/p>\n","protected":false},"featured_media":418,"comment_status":"open","ping_status":"closed","template":"","meta":[],"product_brand":[],"product_cat":[25],"product_tag":[],"class_list":{"0":"post-417","1":"product","2":"type-product","3":"status-publish","4":"has-post-thumbnail","6":"product_cat-camisas","8":"first","9":"instock","10":"shipping-taxable","11":"product-type-simple"},"_links":{"self":[{"href":"https:\/\/mbxglobal.cl\/index.php\/wp-json\/wp\/v2\/product\/417","targetHints":{"allow":["GET"]}}],"collection":[{"href":"https:\/\/mbxglobal.cl\/index.php\/wp-json\/wp\/v2\/product"}],"about":[{"href":"https:\/\/mbxglobal.cl\/index.php\/wp-json\/wp\/v2\/types\/product"}],"replies":[{"embeddable":true,"href":"https:\/\/mbxglobal.cl\/index.php\/wp-json\/wp\/v2\/comments?post=417"}],"wp:featuredmedia":[{"embeddable":true,"href":"https:\/\/mbxglobal.cl\/index.php\/wp-json\/wp\/v2\/media\/418"}],"wp:attachment":[{"href":"https:\/\/mbxglobal.cl\/index.php\/wp-json\/wp\/v2\/media?parent=417"}],"wp:term":[{"taxonomy":"product_brand","embeddable":true,"href":"https:\/\/mbxglobal.cl\/index.php\/wp-json\/wp\/v2\/product_brand?post=417"},{"taxonomy":"product_cat","embeddable":true,"href":"https:\/\/mbxglobal.cl\/index.php\/wp-json\/wp\/v2\/product_cat?post=417"},{"taxonomy":"product_tag","embeddable":true,"href":"https:\/\/mbxglobal.cl\/index.php\/wp-json\/wp\/v2\/product_tag?post=417"}],"curies":[{"name":"wp","href":"https:\/\/api.w.org\/{rel}","templated":true}]}}