{"id":428,"date":"2023-12-05T19:24:02","date_gmt":"2023-12-05T19:24:02","guid":{"rendered":"https:\/\/mbxglobal.cl\/?post_type=product&#038;p=428"},"modified":"2023-12-05T19:27:03","modified_gmt":"2023-12-05T19:27:03","slug":"jeans-mezclilla-14oz-34","status":"publish","type":"product","link":"https:\/\/mbxglobal.cl\/index.php\/product\/jeans-mezclilla-14oz-34\/","title":{"rendered":"JEANS MEZCLILLA 14oz 3\/4"},"content":{"rendered":"<p>CARACTACTERISTICAS<\/p>\n<ul>\n<li>JEANS MEZCLILLA 14oz 3\/4<\/li>\n<li>Modelo: Workwear<\/li>\n<li>100% Algod\u00f3n<\/li>\n<li>Gramaje: 14 Onzas<\/li>\n<li>Es muy resistente al uso intenso, convirti\u00e9ndose as\u00ed en una prenda de larga duraci\u00f3n.<\/li>\n<li>Dos bolsillos parche en parte trasera<\/li>\n<\/ul>\n","protected":false},"excerpt":{"rendered":"<p>Pantal\u00f3n para trabajo pesado en interior o exterior. Jean 100% algod\u00f3n resistente al uso intenso, se caracteriza por ser una prenda de larga duraci\u00f3n. Dise\u00f1o de corte recto trae incorporado dos bolsillos americanos, m\u00e1s dos bolsillos parche en parte traseras.<\/p>\n","protected":false},"featured_media":429,"comment_status":"open","ping_status":"closed","template":"","meta":[],"product_brand":[],"product_cat":[22],"product_tag":[],"class_list":{"0":"post-428","1":"product","2":"type-product","3":"status-publish","4":"has-post-thumbnail","6":"product_cat-hombres","8":"first","9":"instock","10":"shipping-taxable","11":"product-type-simple"},"_links":{"self":[{"href":"https:\/\/mbxglobal.cl\/index.php\/wp-json\/wp\/v2\/product\/428","targetHints":{"allow":["GET"]}}],"collection":[{"href":"https:\/\/mbxglobal.cl\/index.php\/wp-json\/wp\/v2\/product"}],"about":[{"href":"https:\/\/mbxglobal.cl\/index.php\/wp-json\/wp\/v2\/types\/product"}],"replies":[{"embeddable":true,"href":"https:\/\/mbxglobal.cl\/index.php\/wp-json\/wp\/v2\/comments?post=428"}],"wp:featuredmedia":[{"embeddable":true,"href":"https:\/\/mbxglobal.cl\/index.php\/wp-json\/wp\/v2\/media\/429"}],"wp:attachment":[{"href":"https:\/\/mbxglobal.cl\/index.php\/wp-json\/wp\/v2\/media?parent=428"}],"wp:term":[{"taxonomy":"product_brand","embeddable":true,"href":"https:\/\/mbxglobal.cl\/index.php\/wp-json\/wp\/v2\/product_brand?post=428"},{"taxonomy":"product_cat","embeddable":true,"href":"https:\/\/mbxglobal.cl\/index.php\/wp-json\/wp\/v2\/product_cat?post=428"},{"taxonomy":"product_tag","embeddable":true,"href":"https:\/\/mbxglobal.cl\/index.php\/wp-json\/wp\/v2\/product_tag?post=428"}],"curies":[{"name":"wp","href":"https:\/\/api.w.org\/{rel}","templated":true}]}}