{"id":456,"date":"2023-12-05T19:44:38","date_gmt":"2023-12-05T19:44:38","guid":{"rendered":"https:\/\/mbxglobal.cl\/?post_type=product&#038;p=456"},"modified":"2023-12-05T19:48:48","modified_gmt":"2023-12-05T19:48:48","slug":"jockey-lanilla","status":"publish","type":"product","link":"https:\/\/mbxglobal.cl\/index.php\/product\/jockey-lanilla\/","title":{"rendered":"JOCKEY LANILLA"},"content":{"rendered":"<p>CARACTACTERISTICAS<\/p>\n<ul>\n<li>JOCKEY LANILLA<\/li>\n<li>Modelo: Street<\/li>\n<li>Tela base Gabardina Acr\u00edlico. De composici\u00f3n 100% Acr\u00edlico.<\/li>\n<li>Talla: \u00danica (Ajustable)<\/li>\n<\/ul>\n","protected":false},"excerpt":{"rendered":"<p>Tela de alta resistencia y durabilidad, con sistema de ajuste de velcro.<\/p>\n","protected":false},"featured_media":461,"comment_status":"open","ping_status":"closed","template":"","meta":[],"product_brand":[],"product_cat":[22],"product_tag":[],"class_list":{"0":"post-456","1":"product","2":"type-product","3":"status-publish","4":"has-post-thumbnail","6":"product_cat-hombres","8":"first","9":"instock","10":"shipping-taxable","11":"product-type-simple"},"_links":{"self":[{"href":"https:\/\/mbxglobal.cl\/index.php\/wp-json\/wp\/v2\/product\/456","targetHints":{"allow":["GET"]}}],"collection":[{"href":"https:\/\/mbxglobal.cl\/index.php\/wp-json\/wp\/v2\/product"}],"about":[{"href":"https:\/\/mbxglobal.cl\/index.php\/wp-json\/wp\/v2\/types\/product"}],"replies":[{"embeddable":true,"href":"https:\/\/mbxglobal.cl\/index.php\/wp-json\/wp\/v2\/comments?post=456"}],"wp:featuredmedia":[{"embeddable":true,"href":"https:\/\/mbxglobal.cl\/index.php\/wp-json\/wp\/v2\/media\/461"}],"wp:attachment":[{"href":"https:\/\/mbxglobal.cl\/index.php\/wp-json\/wp\/v2\/media?parent=456"}],"wp:term":[{"taxonomy":"product_brand","embeddable":true,"href":"https:\/\/mbxglobal.cl\/index.php\/wp-json\/wp\/v2\/product_brand?post=456"},{"taxonomy":"product_cat","embeddable":true,"href":"https:\/\/mbxglobal.cl\/index.php\/wp-json\/wp\/v2\/product_cat?post=456"},{"taxonomy":"product_tag","embeddable":true,"href":"https:\/\/mbxglobal.cl\/index.php\/wp-json\/wp\/v2\/product_tag?post=456"}],"curies":[{"name":"wp","href":"https:\/\/api.w.org\/{rel}","templated":true}]}}