{"id":473,"date":"2023-12-05T20:26:04","date_gmt":"2023-12-05T20:26:04","guid":{"rendered":"https:\/\/mbxglobal.cl\/?post_type=product&#038;p=473"},"modified":"2023-12-05T20:30:19","modified_gmt":"2023-12-05T20:30:19","slug":"pantalon-cargo-con-cinta-reflectante","status":"publish","type":"product","link":"https:\/\/mbxglobal.cl\/index.php\/product\/pantalon-cargo-con-cinta-reflectante\/","title":{"rendered":"PANTAL\u00d3N CARGO CON CINTA REFLECTANTE"},"content":{"rendered":"<p>CARACTACTERISTICAS:<\/p>\n<ul>\n<li>PANTAL\u00d3N CARGO CINTA REFLECTANTE HOMBRE<\/li>\n<li>Modelo: High Visi\u00f3n<\/li>\n<li>Bolsillo para herramientas y bolsillo doble para accesorios.<\/li>\n<li>Ajuste lumbar en cintura.<\/li>\n<li>Regular fit.<\/li>\n<li>Cinta reflectiva de 5 cm.<\/li>\n<li>Triple costura para mayor resistencia y durabilidad.<\/li>\n<\/ul>\n","protected":false},"excerpt":{"rendered":"<p>Pantal\u00f3n para actividades t\u00e9cnicas en espacios al aire libre. Sus m\u00faltiples bolsillos facilitan el porte de herramientas y radio, su cinta reflectante en piernas permite alta visibilidad. Su dise\u00f1o de triple costura da mayor resistencia y movilidad.<\/p>\n","protected":false},"featured_media":474,"comment_status":"open","ping_status":"closed","template":"","meta":[],"product_brand":[],"product_cat":[29],"product_tag":[],"class_list":{"0":"post-473","1":"product","2":"type-product","3":"status-publish","4":"has-post-thumbnail","6":"product_cat-pantalones","8":"first","9":"instock","10":"shipping-taxable","11":"product-type-simple"},"_links":{"self":[{"href":"https:\/\/mbxglobal.cl\/index.php\/wp-json\/wp\/v2\/product\/473","targetHints":{"allow":["GET"]}}],"collection":[{"href":"https:\/\/mbxglobal.cl\/index.php\/wp-json\/wp\/v2\/product"}],"about":[{"href":"https:\/\/mbxglobal.cl\/index.php\/wp-json\/wp\/v2\/types\/product"}],"replies":[{"embeddable":true,"href":"https:\/\/mbxglobal.cl\/index.php\/wp-json\/wp\/v2\/comments?post=473"}],"wp:featuredmedia":[{"embeddable":true,"href":"https:\/\/mbxglobal.cl\/index.php\/wp-json\/wp\/v2\/media\/474"}],"wp:attachment":[{"href":"https:\/\/mbxglobal.cl\/index.php\/wp-json\/wp\/v2\/media?parent=473"}],"wp:term":[{"taxonomy":"product_brand","embeddable":true,"href":"https:\/\/mbxglobal.cl\/index.php\/wp-json\/wp\/v2\/product_brand?post=473"},{"taxonomy":"product_cat","embeddable":true,"href":"https:\/\/mbxglobal.cl\/index.php\/wp-json\/wp\/v2\/product_cat?post=473"},{"taxonomy":"product_tag","embeddable":true,"href":"https:\/\/mbxglobal.cl\/index.php\/wp-json\/wp\/v2\/product_tag?post=473"}],"curies":[{"name":"wp","href":"https:\/\/api.w.org\/{rel}","templated":true}]}}