{"id":486,"date":"2023-12-05T20:48:05","date_gmt":"2023-12-05T20:48:05","guid":{"rendered":"https:\/\/mbxglobal.cl\/?post_type=product&#038;p=486"},"modified":"2023-12-05T20:48:05","modified_gmt":"2023-12-05T20:48:05","slug":"pantalon-cargo-proteccion-uv-ristop","status":"publish","type":"product","link":"https:\/\/mbxglobal.cl\/index.php\/product\/pantalon-cargo-proteccion-uv-ristop\/","title":{"rendered":"PANTAL\u00d3N CARGO PROTECCI\u00d3N UV RISTOP"},"content":{"rendered":"<p>CARACTACTERISTICAS<\/p>\n<ul>\n<li>PANTALON CARGO PROTECCI\u00d3N UV RISTOP<\/li>\n<li>Modelo: Protecci\u00f3n UV<\/li>\n<li>Composici\u00f3n de tela 100% poli\u00e9ster.<\/li>\n<li>Peso: 105 gr\/m2 +-5% ancho: 150cm<\/li>\n<li>Construcci\u00f3n: Modelo STRIP, Tafet\u00e1n 1X2<\/li>\n<li>Composici\u00f3n: 100% Nylon N66<\/li>\n<\/ul>\n","protected":false},"excerpt":{"rendered":"<p>Pantal\u00f3n t\u00e9cnico con tecnolog\u00eda quick dry, proporciona un r\u00e1pido secado y drenado de la humedad. Ideal para las personas que trabajan expuestas al sol ya que est\u00e1 certificado contra la protecci\u00f3n solar y rayos UV.<\/p>\n<p>&nbsp;<\/p>\n","protected":false},"featured_media":487,"comment_status":"open","ping_status":"closed","template":"","meta":[],"product_brand":[],"product_cat":[29],"product_tag":[],"class_list":{"0":"post-486","1":"product","2":"type-product","3":"status-publish","4":"has-post-thumbnail","6":"product_cat-pantalones","8":"first","9":"instock","10":"shipping-taxable","11":"product-type-simple"},"_links":{"self":[{"href":"https:\/\/mbxglobal.cl\/index.php\/wp-json\/wp\/v2\/product\/486","targetHints":{"allow":["GET"]}}],"collection":[{"href":"https:\/\/mbxglobal.cl\/index.php\/wp-json\/wp\/v2\/product"}],"about":[{"href":"https:\/\/mbxglobal.cl\/index.php\/wp-json\/wp\/v2\/types\/product"}],"replies":[{"embeddable":true,"href":"https:\/\/mbxglobal.cl\/index.php\/wp-json\/wp\/v2\/comments?post=486"}],"wp:featuredmedia":[{"embeddable":true,"href":"https:\/\/mbxglobal.cl\/index.php\/wp-json\/wp\/v2\/media\/487"}],"wp:attachment":[{"href":"https:\/\/mbxglobal.cl\/index.php\/wp-json\/wp\/v2\/media?parent=486"}],"wp:term":[{"taxonomy":"product_brand","embeddable":true,"href":"https:\/\/mbxglobal.cl\/index.php\/wp-json\/wp\/v2\/product_brand?post=486"},{"taxonomy":"product_cat","embeddable":true,"href":"https:\/\/mbxglobal.cl\/index.php\/wp-json\/wp\/v2\/product_cat?post=486"},{"taxonomy":"product_tag","embeddable":true,"href":"https:\/\/mbxglobal.cl\/index.php\/wp-json\/wp\/v2\/product_tag?post=486"}],"curies":[{"name":"wp","href":"https:\/\/api.w.org\/{rel}","templated":true}]}}