{"id":495,"date":"2023-12-05T20:56:14","date_gmt":"2023-12-05T20:56:14","guid":{"rendered":"https:\/\/mbxglobal.cl\/?post_type=product&#038;p=495"},"modified":"2023-12-05T20:56:14","modified_gmt":"2023-12-05T20:56:14","slug":"chaqueta-softshell-zipper","status":"publish","type":"product","link":"https:\/\/mbxglobal.cl\/index.php\/product\/chaqueta-softshell-zipper\/","title":{"rendered":"CHAQUETA SOFTSHELL ZIPPER"},"content":{"rendered":"<p>CARACTACTERISTICAS<\/p>\n<ul>\n<li>CHAQUETA SOFTSHELL ZIPPER<\/li>\n<li>Modelo: Zipper<\/li>\n<li>Malla respirable intercalada de corte slimfit y pinzas en el busto.<\/li>\n<li>Pretina ajustable con stoppers y manga el\u00e1sticada.<\/li>\n<li>Bolsillo en el brazo y dos bolsillos a los costados y con medio pu\u00f1o el\u00e1sticado.<\/li>\n<li>Composici\u00f3n: 100% Poli\u00e9ster<\/li>\n<li>Peso: 320 grs.<\/li>\n<\/ul>\n","protected":false},"excerpt":{"rendered":"<p>CARACTACTERISTICAS CHAQUETA SOFTSHELL ZIPPER Modelo: Zipper Malla respirable intercalada de corte slimfit y pinzas en el busto. Pretina ajustable con stoppers y manga el\u00e1sticada. Bolsillo en el brazo y dos bolsillos a los costados y con medio pu\u00f1o el\u00e1sticado. Composici\u00f3n: 100% Poli\u00e9ster Peso: 320 grs.<\/p>\n","protected":false},"featured_media":499,"comment_status":"open","ping_status":"closed","template":"","meta":[],"product_brand":[],"product_cat":[30],"product_tag":[],"class_list":{"0":"post-495","1":"product","2":"type-product","3":"status-publish","4":"has-post-thumbnail","6":"product_cat-chaquetas","8":"first","9":"instock","10":"shipping-taxable","11":"product-type-simple"},"_links":{"self":[{"href":"https:\/\/mbxglobal.cl\/index.php\/wp-json\/wp\/v2\/product\/495","targetHints":{"allow":["GET"]}}],"collection":[{"href":"https:\/\/mbxglobal.cl\/index.php\/wp-json\/wp\/v2\/product"}],"about":[{"href":"https:\/\/mbxglobal.cl\/index.php\/wp-json\/wp\/v2\/types\/product"}],"replies":[{"embeddable":true,"href":"https:\/\/mbxglobal.cl\/index.php\/wp-json\/wp\/v2\/comments?post=495"}],"wp:featuredmedia":[{"embeddable":true,"href":"https:\/\/mbxglobal.cl\/index.php\/wp-json\/wp\/v2\/media\/499"}],"wp:attachment":[{"href":"https:\/\/mbxglobal.cl\/index.php\/wp-json\/wp\/v2\/media?parent=495"}],"wp:term":[{"taxonomy":"product_brand","embeddable":true,"href":"https:\/\/mbxglobal.cl\/index.php\/wp-json\/wp\/v2\/product_brand?post=495"},{"taxonomy":"product_cat","embeddable":true,"href":"https:\/\/mbxglobal.cl\/index.php\/wp-json\/wp\/v2\/product_cat?post=495"},{"taxonomy":"product_tag","embeddable":true,"href":"https:\/\/mbxglobal.cl\/index.php\/wp-json\/wp\/v2\/product_tag?post=495"}],"curies":[{"name":"wp","href":"https:\/\/api.w.org\/{rel}","templated":true}]}}