{"id":503,"date":"2023-12-05T21:00:01","date_gmt":"2023-12-05T21:00:01","guid":{"rendered":"https:\/\/mbxglobal.cl\/?post_type=product&#038;p=503"},"modified":"2025-03-12T19:27:03","modified_gmt":"2025-03-12T19:27:03","slug":"micropolar-hombre-manga-larga","status":"publish","type":"product","link":"https:\/\/mbxglobal.cl\/index.php\/product\/micropolar-hombre-manga-larga\/","title":{"rendered":"MICROPOLAR HOMBRE MANGA LARGA"},"content":{"rendered":"<p>CARACTACTERISTICAS<\/p>\n<ul>\n<li>MICROPOLAR HOMBRE MANGA LARGA<\/li>\n<li>Modelo: Polar TCSM.<\/li>\n<li>Composici\u00f3n tela 100% poli\u00e9ster.<\/li>\n<li>Gramaje: 300 gr.<\/li>\n<li>De fibra sint\u00e9tica que destaca por su ligereza y la suavidad.<\/li>\n<li>Cuello chaquetero.<\/li>\n<\/ul>\n","protected":false},"excerpt":{"rendered":"<p>Perfecto sustituto de un sweater o poleron. Confeccionada en polar 100% poli\u00e9ster maximiza la retenci\u00f3n t\u00e9rmica. Sus mangas elasticadas, dos bolsillos laterales y cierre brindan mayor comodidad, ideales para todo tipo de actividades y labores.<\/p>\n<p>&nbsp;<\/p>\n","protected":false},"featured_media":505,"comment_status":"open","ping_status":"closed","template":"","meta":[],"product_brand":[],"product_cat":[22,43],"product_tag":[],"class_list":{"0":"post-503","1":"product","2":"type-product","3":"status-publish","4":"has-post-thumbnail","6":"product_cat-hombres","7":"product_cat-micropolar-polerones","9":"first","10":"instock","11":"shipping-taxable","12":"product-type-simple"},"_links":{"self":[{"href":"https:\/\/mbxglobal.cl\/index.php\/wp-json\/wp\/v2\/product\/503","targetHints":{"allow":["GET"]}}],"collection":[{"href":"https:\/\/mbxglobal.cl\/index.php\/wp-json\/wp\/v2\/product"}],"about":[{"href":"https:\/\/mbxglobal.cl\/index.php\/wp-json\/wp\/v2\/types\/product"}],"replies":[{"embeddable":true,"href":"https:\/\/mbxglobal.cl\/index.php\/wp-json\/wp\/v2\/comments?post=503"}],"wp:featuredmedia":[{"embeddable":true,"href":"https:\/\/mbxglobal.cl\/index.php\/wp-json\/wp\/v2\/media\/505"}],"wp:attachment":[{"href":"https:\/\/mbxglobal.cl\/index.php\/wp-json\/wp\/v2\/media?parent=503"}],"wp:term":[{"taxonomy":"product_brand","embeddable":true,"href":"https:\/\/mbxglobal.cl\/index.php\/wp-json\/wp\/v2\/product_brand?post=503"},{"taxonomy":"product_cat","embeddable":true,"href":"https:\/\/mbxglobal.cl\/index.php\/wp-json\/wp\/v2\/product_cat?post=503"},{"taxonomy":"product_tag","embeddable":true,"href":"https:\/\/mbxglobal.cl\/index.php\/wp-json\/wp\/v2\/product_tag?post=503"}],"curies":[{"name":"wp","href":"https:\/\/api.w.org\/{rel}","templated":true}]}}