{"id":513,"date":"2023-12-05T21:11:20","date_gmt":"2023-12-05T21:11:20","guid":{"rendered":"https:\/\/mbxglobal.cl\/?post_type=product&#038;p=513"},"modified":"2023-12-05T21:11:21","modified_gmt":"2023-12-05T21:11:21","slug":"polera-dry-fit-hombre","status":"publish","type":"product","link":"https:\/\/mbxglobal.cl\/index.php\/product\/polera-dry-fit-hombre\/","title":{"rendered":"POLERA DRY-FIT HOMBRE"},"content":{"rendered":"<p>CARACTACTERISTICAS<\/p>\n<ul>\n<li>POLERA DRY-FIT HOMBRE<\/li>\n<li>Modelo: Sportwear<\/li>\n<li>Absorbe la humedad del cuerpo y proporciona enfriamiento por evaporaci\u00f3n.<\/li>\n<li>Tejido transpirable de f\u00e1cil lavado y secado.<\/li>\n<li>Mayor elasticidad.<\/li>\n<li>100% poli\u00e9ster.<\/li>\n<li>Factor de protecci\u00f3n ultravioleta seg\u00fan color.<\/li>\n<\/ul>\n","protected":false},"excerpt":{"rendered":"<p>CARACTACTERISTICAS POLERA DRY-FIT HOMBRE Modelo: Sportwear Absorbe la humedad del cuerpo y proporciona enfriamiento por evaporaci\u00f3n. Tejido transpirable de f\u00e1cil lavado y secado. Mayor elasticidad. 100% poli\u00e9ster. Factor de protecci\u00f3n ultravioleta seg\u00fan color.<\/p>\n","protected":false},"featured_media":515,"comment_status":"open","ping_status":"closed","template":"","meta":[],"product_brand":[],"product_cat":[31],"product_tag":[],"class_list":{"0":"post-513","1":"product","2":"type-product","3":"status-publish","4":"has-post-thumbnail","6":"product_cat-poleras","8":"first","9":"instock","10":"shipping-taxable","11":"product-type-simple"},"_links":{"self":[{"href":"https:\/\/mbxglobal.cl\/index.php\/wp-json\/wp\/v2\/product\/513","targetHints":{"allow":["GET"]}}],"collection":[{"href":"https:\/\/mbxglobal.cl\/index.php\/wp-json\/wp\/v2\/product"}],"about":[{"href":"https:\/\/mbxglobal.cl\/index.php\/wp-json\/wp\/v2\/types\/product"}],"replies":[{"embeddable":true,"href":"https:\/\/mbxglobal.cl\/index.php\/wp-json\/wp\/v2\/comments?post=513"}],"wp:featuredmedia":[{"embeddable":true,"href":"https:\/\/mbxglobal.cl\/index.php\/wp-json\/wp\/v2\/media\/515"}],"wp:attachment":[{"href":"https:\/\/mbxglobal.cl\/index.php\/wp-json\/wp\/v2\/media?parent=513"}],"wp:term":[{"taxonomy":"product_brand","embeddable":true,"href":"https:\/\/mbxglobal.cl\/index.php\/wp-json\/wp\/v2\/product_brand?post=513"},{"taxonomy":"product_cat","embeddable":true,"href":"https:\/\/mbxglobal.cl\/index.php\/wp-json\/wp\/v2\/product_cat?post=513"},{"taxonomy":"product_tag","embeddable":true,"href":"https:\/\/mbxglobal.cl\/index.php\/wp-json\/wp\/v2\/product_tag?post=513"}],"curies":[{"name":"wp","href":"https:\/\/api.w.org\/{rel}","templated":true}]}}