{"id":516,"date":"2023-12-05T21:13:36","date_gmt":"2023-12-05T21:13:36","guid":{"rendered":"https:\/\/mbxglobal.cl\/?post_type=product&#038;p=516"},"modified":"2023-12-05T21:14:10","modified_gmt":"2023-12-05T21:14:10","slug":"polera-pique-hombre-60-40-mc","status":"publish","type":"product","link":"https:\/\/mbxglobal.cl\/index.php\/product\/polera-pique-hombre-60-40-mc\/","title":{"rendered":"POLERA PIQUE HOMBRE 60\/40 MC"},"content":{"rendered":"<p>CARACTACTERISTICAS<\/p>\n<ul>\n<li>POLERA PIQUE HOMBRE 60\/40 MC<\/li>\n<li>Modelo: Cort\u00e9s<\/li>\n<li>Cuenta con protecci\u00f3n de rayos UVR UVB -UVA evitando el da\u00f1o en la piel.<\/li>\n<li>Producto de excelente calidad que mantiene forma y color.<\/li>\n<li>Agradable al tacto.<\/li>\n<li>F\u00e1cil lavado y secado.<\/li>\n<\/ul>\n","protected":false},"excerpt":{"rendered":"<p>Polera pique manga corta color seg\u00fan stock 60% algod\u00f3n 40% poli\u00e9ster de f\u00e1cil bordado y estampado. Excelente presentaci\u00f3n, ideal para ejecutivos, jefaturas y supervisores.<\/p>\n","protected":false},"featured_media":518,"comment_status":"open","ping_status":"closed","template":"","meta":[],"product_brand":[],"product_cat":[31],"product_tag":[],"class_list":{"0":"post-516","1":"product","2":"type-product","3":"status-publish","4":"has-post-thumbnail","6":"product_cat-poleras","8":"first","9":"instock","10":"shipping-taxable","11":"product-type-simple"},"_links":{"self":[{"href":"https:\/\/mbxglobal.cl\/index.php\/wp-json\/wp\/v2\/product\/516","targetHints":{"allow":["GET"]}}],"collection":[{"href":"https:\/\/mbxglobal.cl\/index.php\/wp-json\/wp\/v2\/product"}],"about":[{"href":"https:\/\/mbxglobal.cl\/index.php\/wp-json\/wp\/v2\/types\/product"}],"replies":[{"embeddable":true,"href":"https:\/\/mbxglobal.cl\/index.php\/wp-json\/wp\/v2\/comments?post=516"}],"wp:featuredmedia":[{"embeddable":true,"href":"https:\/\/mbxglobal.cl\/index.php\/wp-json\/wp\/v2\/media\/518"}],"wp:attachment":[{"href":"https:\/\/mbxglobal.cl\/index.php\/wp-json\/wp\/v2\/media?parent=516"}],"wp:term":[{"taxonomy":"product_brand","embeddable":true,"href":"https:\/\/mbxglobal.cl\/index.php\/wp-json\/wp\/v2\/product_brand?post=516"},{"taxonomy":"product_cat","embeddable":true,"href":"https:\/\/mbxglobal.cl\/index.php\/wp-json\/wp\/v2\/product_cat?post=516"},{"taxonomy":"product_tag","embeddable":true,"href":"https:\/\/mbxglobal.cl\/index.php\/wp-json\/wp\/v2\/product_tag?post=516"}],"curies":[{"name":"wp","href":"https:\/\/api.w.org\/{rel}","templated":true}]}}