{"id":526,"date":"2023-12-05T22:28:43","date_gmt":"2023-12-05T22:28:43","guid":{"rendered":"https:\/\/mbxglobal.cl\/?post_type=product&#038;p=526"},"modified":"2023-12-06T23:59:11","modified_gmt":"2023-12-06T23:59:11","slug":"polera-pique-hombre-80-20-ml","status":"publish","type":"product","link":"https:\/\/mbxglobal.cl\/index.php\/product\/polera-pique-hombre-80-20-ml\/","title":{"rendered":"POLERA PIQUE HOMBRE 80\/20 ML"},"content":{"rendered":"<p>CARACTACTERISTICAS<\/p>\n<ul>\n<li>POLERA PIQUE HOMBRE 80\/20 ML<\/li>\n<li>Modelo: Large Cort\u00e9s<\/li>\n<li>Cuenta con protecci\u00f3n de rayos UVR UVB -UVA evitando el da\u00f1o en la piel.<\/li>\n<li>Producto de excelente calidad que mantiene forma y color.<\/li>\n<li>Agradable al tacto.<\/li>\n<li>F\u00e1cil lavado y secado.<\/li>\n<\/ul>\n","protected":false},"excerpt":{"rendered":"<p>CARACTACTERISTICAS POLERA PIQUE HOMBRE 80\/20 ML Modelo: Large Cort\u00e9s Cuenta con protecci\u00f3n de rayos UVR UVB -UVA evitando el da\u00f1o en la piel. Producto de excelente calidad que mantiene forma y color. Agradable al tacto. F\u00e1cil lavado y secado.<\/p>\n","protected":false},"featured_media":528,"comment_status":"open","ping_status":"closed","template":"","meta":[],"product_brand":[],"product_cat":[31],"product_tag":[],"class_list":{"0":"post-526","1":"product","2":"type-product","3":"status-publish","4":"has-post-thumbnail","6":"product_cat-poleras","8":"first","9":"instock","10":"featured","11":"shipping-taxable","12":"product-type-simple"},"_links":{"self":[{"href":"https:\/\/mbxglobal.cl\/index.php\/wp-json\/wp\/v2\/product\/526","targetHints":{"allow":["GET"]}}],"collection":[{"href":"https:\/\/mbxglobal.cl\/index.php\/wp-json\/wp\/v2\/product"}],"about":[{"href":"https:\/\/mbxglobal.cl\/index.php\/wp-json\/wp\/v2\/types\/product"}],"replies":[{"embeddable":true,"href":"https:\/\/mbxglobal.cl\/index.php\/wp-json\/wp\/v2\/comments?post=526"}],"wp:featuredmedia":[{"embeddable":true,"href":"https:\/\/mbxglobal.cl\/index.php\/wp-json\/wp\/v2\/media\/528"}],"wp:attachment":[{"href":"https:\/\/mbxglobal.cl\/index.php\/wp-json\/wp\/v2\/media?parent=526"}],"wp:term":[{"taxonomy":"product_brand","embeddable":true,"href":"https:\/\/mbxglobal.cl\/index.php\/wp-json\/wp\/v2\/product_brand?post=526"},{"taxonomy":"product_cat","embeddable":true,"href":"https:\/\/mbxglobal.cl\/index.php\/wp-json\/wp\/v2\/product_cat?post=526"},{"taxonomy":"product_tag","embeddable":true,"href":"https:\/\/mbxglobal.cl\/index.php\/wp-json\/wp\/v2\/product_tag?post=526"}],"curies":[{"name":"wp","href":"https:\/\/api.w.org\/{rel}","templated":true}]}}