{"id":530,"date":"2023-12-05T22:30:43","date_gmt":"2023-12-05T22:30:43","guid":{"rendered":"https:\/\/mbxglobal.cl\/?post_type=product&#038;p=530"},"modified":"2023-12-05T22:30:43","modified_gmt":"2023-12-05T22:30:43","slug":"polera-polo-hombre-ml","status":"publish","type":"product","link":"https:\/\/mbxglobal.cl\/index.php\/product\/polera-polo-hombre-ml\/","title":{"rendered":"POLERA POLO HOMBRE ML"},"content":{"rendered":"<p>CARACTACTERISTICAS<\/p>\n<ul>\n<li>POLERA POLO HOMBRE LC<\/li>\n<li>Modelo: Basic<\/li>\n<li>Polera cuello polo 100% algod\u00f3n.<\/li>\n<li>Cuello algod\u00f3n con spandex.<\/li>\n<li>Certificaci\u00f3n Filtro UV.<\/li>\n<li>Gramaje 175 grs.<\/li>\n<li>Cuello en jersey RIB.<\/li>\n<\/ul>\n","protected":false},"excerpt":{"rendered":"<p>Polera sport cuello polo manga larga 100% algod\u00f3n. Buena resistencia al desgaste y a los lavados. Protecci\u00f3n UVA, UVB, UVR, con un factor de protecci\u00f3n 50+. Ideal para estampado corporativo.<\/p>\n","protected":false},"featured_media":532,"comment_status":"open","ping_status":"closed","template":"","meta":[],"product_brand":[],"product_cat":[31],"product_tag":[],"class_list":{"0":"post-530","1":"product","2":"type-product","3":"status-publish","4":"has-post-thumbnail","6":"product_cat-poleras","8":"first","9":"instock","10":"shipping-taxable","11":"product-type-simple"},"_links":{"self":[{"href":"https:\/\/mbxglobal.cl\/index.php\/wp-json\/wp\/v2\/product\/530","targetHints":{"allow":["GET"]}}],"collection":[{"href":"https:\/\/mbxglobal.cl\/index.php\/wp-json\/wp\/v2\/product"}],"about":[{"href":"https:\/\/mbxglobal.cl\/index.php\/wp-json\/wp\/v2\/types\/product"}],"replies":[{"embeddable":true,"href":"https:\/\/mbxglobal.cl\/index.php\/wp-json\/wp\/v2\/comments?post=530"}],"wp:featuredmedia":[{"embeddable":true,"href":"https:\/\/mbxglobal.cl\/index.php\/wp-json\/wp\/v2\/media\/532"}],"wp:attachment":[{"href":"https:\/\/mbxglobal.cl\/index.php\/wp-json\/wp\/v2\/media?parent=530"}],"wp:term":[{"taxonomy":"product_brand","embeddable":true,"href":"https:\/\/mbxglobal.cl\/index.php\/wp-json\/wp\/v2\/product_brand?post=530"},{"taxonomy":"product_cat","embeddable":true,"href":"https:\/\/mbxglobal.cl\/index.php\/wp-json\/wp\/v2\/product_cat?post=530"},{"taxonomy":"product_tag","embeddable":true,"href":"https:\/\/mbxglobal.cl\/index.php\/wp-json\/wp\/v2\/product_tag?post=530"}],"curies":[{"name":"wp","href":"https:\/\/api.w.org\/{rel}","templated":true}]}}