{"id":543,"date":"2023-12-06T23:06:00","date_gmt":"2023-12-06T23:06:00","guid":{"rendered":"https:\/\/mbxglobal.cl\/?post_type=product&#038;p=543"},"modified":"2025-03-12T19:21:52","modified_gmt":"2025-03-12T19:21:52","slug":"blusa-ret-ag-quimico","status":"publish","type":"product","link":"https:\/\/mbxglobal.cl\/index.php\/product\/blusa-ret-ag-quimico\/","title":{"rendered":"BLUSA RET AG. QUIMICO"},"content":{"rendered":"<ul>\n<li>Composici\u00f3n de tela 100% Poli\u00e9ster.<\/li>\n<li>Peso: 155 gr\/m2 \u00b15%.<\/li>\n<li>De corte semi entallado, manga larga y con dos bolsillos pectorales. El canes\u00fa presenta espacios para ventilaci\u00f3n y el sentido de la abrochadura es de derecha a izquierda.<\/li>\n<\/ul>\n","protected":false},"excerpt":{"rendered":"<p>Vestuario de trabajo con gran resistencia, trato rudo a los lavados industriales con excelente repelencia ante los l\u00edquidos \u00e1cidos y con excelente protecci\u00f3n filtro solar (UPF).<\/p>\n","protected":false},"featured_media":544,"comment_status":"open","ping_status":"closed","template":"","meta":[],"product_brand":[],"product_cat":[23,24],"product_tag":[],"class_list":{"0":"post-543","1":"product","2":"type-product","3":"status-publish","4":"has-post-thumbnail","6":"product_cat-mujeres","7":"product_cat-blusas","9":"first","10":"instock","11":"shipping-taxable","12":"product-type-simple"},"_links":{"self":[{"href":"https:\/\/mbxglobal.cl\/index.php\/wp-json\/wp\/v2\/product\/543","targetHints":{"allow":["GET"]}}],"collection":[{"href":"https:\/\/mbxglobal.cl\/index.php\/wp-json\/wp\/v2\/product"}],"about":[{"href":"https:\/\/mbxglobal.cl\/index.php\/wp-json\/wp\/v2\/types\/product"}],"replies":[{"embeddable":true,"href":"https:\/\/mbxglobal.cl\/index.php\/wp-json\/wp\/v2\/comments?post=543"}],"wp:featuredmedia":[{"embeddable":true,"href":"https:\/\/mbxglobal.cl\/index.php\/wp-json\/wp\/v2\/media\/544"}],"wp:attachment":[{"href":"https:\/\/mbxglobal.cl\/index.php\/wp-json\/wp\/v2\/media?parent=543"}],"wp:term":[{"taxonomy":"product_brand","embeddable":true,"href":"https:\/\/mbxglobal.cl\/index.php\/wp-json\/wp\/v2\/product_brand?post=543"},{"taxonomy":"product_cat","embeddable":true,"href":"https:\/\/mbxglobal.cl\/index.php\/wp-json\/wp\/v2\/product_cat?post=543"},{"taxonomy":"product_tag","embeddable":true,"href":"https:\/\/mbxglobal.cl\/index.php\/wp-json\/wp\/v2\/product_tag?post=543"}],"curies":[{"name":"wp","href":"https:\/\/api.w.org\/{rel}","templated":true}]}}