{"id":556,"date":"2023-12-06T23:20:16","date_gmt":"2023-12-06T23:20:16","guid":{"rendered":"https:\/\/mbxglobal.cl\/?post_type=product&#038;p=556"},"modified":"2025-03-12T19:21:05","modified_gmt":"2025-03-12T19:21:05","slug":"camisa-ret-agente-quimico","status":"publish","type":"product","link":"https:\/\/mbxglobal.cl\/index.php\/product\/camisa-ret-agente-quimico\/","title":{"rendered":"CAMISA RET. AGENTE QUIMICO"},"content":{"rendered":"<ul>\n<li>Composici\u00f3n de tela 100% Poli\u00e9ster.<\/li>\n<li>Peso: 155 gr\/m2 \u00b15%.<\/li>\n<li>De corte recto, manga larga con dos bolsillos pectorales con tapetas. Las puntas del cuello se ajustan con bot\u00f3n. El canes\u00fa de la espalda trae espacios para ventilaci\u00f3n. El sentido de la abrochadura es de izquierda a derecha.<\/li>\n<\/ul>\n","protected":false},"excerpt":{"rendered":"<p>Vestuario de trabajo con gran resistencia, trato rudo a los lavados industriales con excelente repelencia ante los l\u00edquidos \u00e1cidos y con excelente protecci\u00f3n filtro solar (UPF).<\/p>\n","protected":false},"featured_media":557,"comment_status":"open","ping_status":"closed","template":"","meta":[],"product_brand":[],"product_cat":[22,25],"product_tag":[],"class_list":{"0":"post-556","1":"product","2":"type-product","3":"status-publish","4":"has-post-thumbnail","6":"product_cat-hombres","7":"product_cat-camisas","9":"first","10":"instock","11":"featured","12":"shipping-taxable","13":"product-type-simple"},"_links":{"self":[{"href":"https:\/\/mbxglobal.cl\/index.php\/wp-json\/wp\/v2\/product\/556","targetHints":{"allow":["GET"]}}],"collection":[{"href":"https:\/\/mbxglobal.cl\/index.php\/wp-json\/wp\/v2\/product"}],"about":[{"href":"https:\/\/mbxglobal.cl\/index.php\/wp-json\/wp\/v2\/types\/product"}],"replies":[{"embeddable":true,"href":"https:\/\/mbxglobal.cl\/index.php\/wp-json\/wp\/v2\/comments?post=556"}],"wp:featuredmedia":[{"embeddable":true,"href":"https:\/\/mbxglobal.cl\/index.php\/wp-json\/wp\/v2\/media\/557"}],"wp:attachment":[{"href":"https:\/\/mbxglobal.cl\/index.php\/wp-json\/wp\/v2\/media?parent=556"}],"wp:term":[{"taxonomy":"product_brand","embeddable":true,"href":"https:\/\/mbxglobal.cl\/index.php\/wp-json\/wp\/v2\/product_brand?post=556"},{"taxonomy":"product_cat","embeddable":true,"href":"https:\/\/mbxglobal.cl\/index.php\/wp-json\/wp\/v2\/product_cat?post=556"},{"taxonomy":"product_tag","embeddable":true,"href":"https:\/\/mbxglobal.cl\/index.php\/wp-json\/wp\/v2\/product_tag?post=556"}],"curies":[{"name":"wp","href":"https:\/\/api.w.org\/{rel}","templated":true}]}}