{"id":569,"date":"2023-12-06T23:30:57","date_gmt":"2023-12-06T23:30:57","guid":{"rendered":"https:\/\/mbxglobal.cl\/?post_type=product&#038;p=569"},"modified":"2025-03-12T19:19:41","modified_gmt":"2025-03-12T19:19:41","slug":"primera-capa-termica-hombre","status":"publish","type":"product","link":"https:\/\/mbxglobal.cl\/index.php\/product\/primera-capa-termica-hombre\/","title":{"rendered":"PRIMERA CAPA T\u00c9RMICA HOMBRE"},"content":{"rendered":"<p>Composici\u00f3n:<\/p>\n<ul>\n<li>58% Nylon<\/li>\n<li>9% Spandex<\/li>\n<li>33% Polipropileno<\/li>\n<li>1% Poli\u00e9ster<\/li>\n<\/ul>\n","protected":false},"excerpt":{"rendered":"<p>Primera capa de hombre fabricada con tecnolog\u00eda 3D y con fibras funcionales para reforzar el manejo de humedad y confort t\u00e9rmico durante actividades de invierno. El Thermo Base Pro Layer garantiza una termorregulaci\u00f3n constante gracias a las texturas especiales y las h\u00e9lices elevadas que permiten una ventilaci\u00f3n adecuada. Los cortes ergon\u00f3micos aseguran una mejor adaptaci\u00f3n a la fisionom\u00eda del cuerpo y la libertad de movimiento.<\/p>\n","protected":false},"featured_media":570,"comment_status":"open","ping_status":"closed","template":"","meta":[],"product_brand":[],"product_cat":[40],"product_tag":[],"class_list":{"0":"post-569","1":"product","2":"type-product","3":"status-publish","4":"has-post-thumbnail","6":"product_cat-primeras-capas","8":"first","9":"instock","10":"featured","11":"shipping-taxable","12":"product-type-simple"},"_links":{"self":[{"href":"https:\/\/mbxglobal.cl\/index.php\/wp-json\/wp\/v2\/product\/569","targetHints":{"allow":["GET"]}}],"collection":[{"href":"https:\/\/mbxglobal.cl\/index.php\/wp-json\/wp\/v2\/product"}],"about":[{"href":"https:\/\/mbxglobal.cl\/index.php\/wp-json\/wp\/v2\/types\/product"}],"replies":[{"embeddable":true,"href":"https:\/\/mbxglobal.cl\/index.php\/wp-json\/wp\/v2\/comments?post=569"}],"wp:featuredmedia":[{"embeddable":true,"href":"https:\/\/mbxglobal.cl\/index.php\/wp-json\/wp\/v2\/media\/570"}],"wp:attachment":[{"href":"https:\/\/mbxglobal.cl\/index.php\/wp-json\/wp\/v2\/media?parent=569"}],"wp:term":[{"taxonomy":"product_brand","embeddable":true,"href":"https:\/\/mbxglobal.cl\/index.php\/wp-json\/wp\/v2\/product_brand?post=569"},{"taxonomy":"product_cat","embeddable":true,"href":"https:\/\/mbxglobal.cl\/index.php\/wp-json\/wp\/v2\/product_cat?post=569"},{"taxonomy":"product_tag","embeddable":true,"href":"https:\/\/mbxglobal.cl\/index.php\/wp-json\/wp\/v2\/product_tag?post=569"}],"curies":[{"name":"wp","href":"https:\/\/api.w.org\/{rel}","templated":true}]}}