{"id":578,"date":"2023-12-06T23:41:44","date_gmt":"2023-12-06T23:41:44","guid":{"rendered":"https:\/\/mbxglobal.cl\/?post_type=product&#038;p=578"},"modified":"2025-10-13T02:33:55","modified_gmt":"2025-10-13T02:33:55","slug":"ficha-tecnica-chaqueta-term-ret-ag-quimico-dama","status":"publish","type":"product","link":"https:\/\/mbxglobal.cl\/index.php\/product\/ficha-tecnica-chaqueta-term-ret-ag-quimico-dama\/","title":{"rendered":"CHAQUETA T\u00c9RMICA ALPINA HOMBRE"},"content":{"rendered":"<ul>\n<li>Peso: 230 gr\/m2 \u00b15%.<\/li>\n<li>Cuello subido, bolsillo porta radio, ventilaciones en sisa. El forro del cuerpo con acolchado y tejido polar, el forro de las mangas con tejido plano; ambos sectores con entretela aislante.<\/li>\n<li>Resistencia a la acci\u00f3n del acido sulf\u00farico.<\/li>\n<li>Riesgo a las bajas temperaturas y aguas lluvias espor\u00e1dicas.<\/li>\n<\/ul>\n","protected":false},"excerpt":{"rendered":"<p>Chaqueta t\u00e9rmica anti\u00e1cida 100% poli\u00e9ster bicolor con aislante t\u00e9rmico Thinsulate tipo CS150 para -20\u00b0 de temperatura, llevando en su interior tela aluminizada proporcionando m\u00e1s temperatura corporal.<\/p>\n","protected":false},"featured_media":777,"comment_status":"open","ping_status":"closed","template":"","meta":[],"product_brand":[],"product_cat":[22,30],"product_tag":[],"class_list":{"0":"post-578","1":"product","2":"type-product","3":"status-publish","4":"has-post-thumbnail","6":"product_cat-hombres","7":"product_cat-chaquetas","9":"first","10":"instock","11":"shipping-taxable","12":"product-type-simple"},"_links":{"self":[{"href":"https:\/\/mbxglobal.cl\/index.php\/wp-json\/wp\/v2\/product\/578","targetHints":{"allow":["GET"]}}],"collection":[{"href":"https:\/\/mbxglobal.cl\/index.php\/wp-json\/wp\/v2\/product"}],"about":[{"href":"https:\/\/mbxglobal.cl\/index.php\/wp-json\/wp\/v2\/types\/product"}],"replies":[{"embeddable":true,"href":"https:\/\/mbxglobal.cl\/index.php\/wp-json\/wp\/v2\/comments?post=578"}],"wp:featuredmedia":[{"embeddable":true,"href":"https:\/\/mbxglobal.cl\/index.php\/wp-json\/wp\/v2\/media\/777"}],"wp:attachment":[{"href":"https:\/\/mbxglobal.cl\/index.php\/wp-json\/wp\/v2\/media?parent=578"}],"wp:term":[{"taxonomy":"product_brand","embeddable":true,"href":"https:\/\/mbxglobal.cl\/index.php\/wp-json\/wp\/v2\/product_brand?post=578"},{"taxonomy":"product_cat","embeddable":true,"href":"https:\/\/mbxglobal.cl\/index.php\/wp-json\/wp\/v2\/product_cat?post=578"},{"taxonomy":"product_tag","embeddable":true,"href":"https:\/\/mbxglobal.cl\/index.php\/wp-json\/wp\/v2\/product_tag?post=578"}],"curies":[{"name":"wp","href":"https:\/\/api.w.org\/{rel}","templated":true}]}}