{"id":583,"date":"2023-12-06T23:46:34","date_gmt":"2023-12-06T23:46:34","guid":{"rendered":"https:\/\/mbxglobal.cl\/?post_type=product&#038;p=583"},"modified":"2025-03-12T19:18:09","modified_gmt":"2025-03-12T19:18:09","slug":"conjunto-chaqueta-pantalon-ret-ag-quim-dama","status":"publish","type":"product","link":"https:\/\/mbxglobal.cl\/index.php\/product\/conjunto-chaqueta-pantalon-ret-ag-quim-dama\/","title":{"rendered":"CONJUNTO CHAQUETA-PANTALON RET AG QUIM DAMA"},"content":{"rendered":"<ul>\n<li>Resistencia a la acci\u00f3n del acido sulf\u00farico, n\u00edtrico y clorh\u00eddrico.<\/li>\n<li>Porcentaje de Repelencia, m\u00ednimo: 70%<\/li>\n<li>Cintas reflectivas en delanteros, espalda, mangas y en extremo inferior de las piernas.<\/li>\n<\/ul>\n","protected":false},"excerpt":{"rendered":"<p>Conjunto chaqueta pantal\u00f3n con cuello camisero, con dos bolsillos deparche en t\u00f3rax, uno adaptado para portar radio con salida de antena. Cierre frontal diente perro y tapa cierre. Bolsillos de apertura lateral con broche para acceso a bolsillos de pantal\u00f3n, dos bolsillos de parche en zona posterior y broche de velcro.<\/p>\n","protected":false},"featured_media":587,"comment_status":"open","ping_status":"closed","template":"","meta":[],"product_brand":[],"product_cat":[48],"product_tag":[],"class_list":{"0":"post-583","1":"product","2":"type-product","3":"status-publish","4":"has-post-thumbnail","6":"product_cat-overoles-mujeres","8":"first","9":"instock","10":"shipping-taxable","11":"product-type-simple"},"_links":{"self":[{"href":"https:\/\/mbxglobal.cl\/index.php\/wp-json\/wp\/v2\/product\/583","targetHints":{"allow":["GET"]}}],"collection":[{"href":"https:\/\/mbxglobal.cl\/index.php\/wp-json\/wp\/v2\/product"}],"about":[{"href":"https:\/\/mbxglobal.cl\/index.php\/wp-json\/wp\/v2\/types\/product"}],"replies":[{"embeddable":true,"href":"https:\/\/mbxglobal.cl\/index.php\/wp-json\/wp\/v2\/comments?post=583"}],"wp:featuredmedia":[{"embeddable":true,"href":"https:\/\/mbxglobal.cl\/index.php\/wp-json\/wp\/v2\/media\/587"}],"wp:attachment":[{"href":"https:\/\/mbxglobal.cl\/index.php\/wp-json\/wp\/v2\/media?parent=583"}],"wp:term":[{"taxonomy":"product_brand","embeddable":true,"href":"https:\/\/mbxglobal.cl\/index.php\/wp-json\/wp\/v2\/product_brand?post=583"},{"taxonomy":"product_cat","embeddable":true,"href":"https:\/\/mbxglobal.cl\/index.php\/wp-json\/wp\/v2\/product_cat?post=583"},{"taxonomy":"product_tag","embeddable":true,"href":"https:\/\/mbxglobal.cl\/index.php\/wp-json\/wp\/v2\/product_tag?post=583"}],"curies":[{"name":"wp","href":"https:\/\/api.w.org\/{rel}","templated":true}]}}