{"id":588,"date":"2023-12-06T23:52:40","date_gmt":"2023-12-06T23:52:40","guid":{"rendered":"https:\/\/mbxglobal.cl\/?post_type=product&#038;p=588"},"modified":"2025-03-12T19:17:30","modified_gmt":"2025-03-12T19:17:30","slug":"pantalon-ret-agente-quimico-varon","status":"publish","type":"product","link":"https:\/\/mbxglobal.cl\/index.php\/product\/pantalon-ret-agente-quimico-varon\/","title":{"rendered":"PANTAL\u00d3N RET AGENTE QUIMICO VARON"},"content":{"rendered":"<ul>\n<li>Composici\u00f3n: 100% Poli\u00e9ster.<\/li>\n<li>Peso: 230 gr\/m2 \u00b15%.<\/li>\n<li>De corte recto, con bolsillos delanteros sesgados, laterales auxiliares y de ojal en cada trasero. Adem\u00e1s, contiene bolsillos de piernas, con tapeta ajustada con cierre de contacto.<\/li>\n<\/ul>\n","protected":false},"excerpt":{"rendered":"<p>Pantal\u00f3n cargo con gran resistencia, trato rudo a los lavados industriales con excelente repelencia ante los l\u00edquidos \u00e1cidos y con excelente protecci\u00f3n filtro solar (UPF).<\/p>\n","protected":false},"featured_media":590,"comment_status":"open","ping_status":"closed","template":"","meta":[],"product_brand":[],"product_cat":[29],"product_tag":[],"class_list":{"0":"post-588","1":"product","2":"type-product","3":"status-publish","4":"has-post-thumbnail","6":"product_cat-pantalones","8":"first","9":"instock","10":"shipping-taxable","11":"product-type-simple"},"_links":{"self":[{"href":"https:\/\/mbxglobal.cl\/index.php\/wp-json\/wp\/v2\/product\/588","targetHints":{"allow":["GET"]}}],"collection":[{"href":"https:\/\/mbxglobal.cl\/index.php\/wp-json\/wp\/v2\/product"}],"about":[{"href":"https:\/\/mbxglobal.cl\/index.php\/wp-json\/wp\/v2\/types\/product"}],"replies":[{"embeddable":true,"href":"https:\/\/mbxglobal.cl\/index.php\/wp-json\/wp\/v2\/comments?post=588"}],"wp:featuredmedia":[{"embeddable":true,"href":"https:\/\/mbxglobal.cl\/index.php\/wp-json\/wp\/v2\/media\/590"}],"wp:attachment":[{"href":"https:\/\/mbxglobal.cl\/index.php\/wp-json\/wp\/v2\/media?parent=588"}],"wp:term":[{"taxonomy":"product_brand","embeddable":true,"href":"https:\/\/mbxglobal.cl\/index.php\/wp-json\/wp\/v2\/product_brand?post=588"},{"taxonomy":"product_cat","embeddable":true,"href":"https:\/\/mbxglobal.cl\/index.php\/wp-json\/wp\/v2\/product_cat?post=588"},{"taxonomy":"product_tag","embeddable":true,"href":"https:\/\/mbxglobal.cl\/index.php\/wp-json\/wp\/v2\/product_tag?post=588"}],"curies":[{"name":"wp","href":"https:\/\/api.w.org\/{rel}","templated":true}]}}