{"id":625,"date":"2024-10-28T19:58:54","date_gmt":"2024-10-28T19:58:54","guid":{"rendered":"https:\/\/mbxglobal.cl\/?post_type=product&#038;p=625"},"modified":"2025-03-12T19:16:37","modified_gmt":"2025-03-12T19:16:37","slug":"chaleco-geologo-hightex-acid-master-hombre","status":"publish","type":"product","link":"https:\/\/mbxglobal.cl\/index.php\/product\/chaleco-geologo-hightex-acid-master-hombre\/","title":{"rendered":"CHALECO GEOLOGO HIGHTEX ACID MASTER HOMBRE"},"content":{"rendered":"<ul>\n<li>Ge\u00f3logo de trabajo con gran resistencia, trato rudo a los lavados industriales con excelente repelencia ante los l\u00edquidos \u00e1cidos y con excelente protecci\u00f3n filtro solar.<\/li>\n<li>Composici\u00f3n: 100% Poli\u00e9ster.<\/li>\n<li>Peso: 230 gr\/m2 +-5%.<\/li>\n<li>De corte recto, sin mangas, cuello en \u201cV\u201d, bolsillos pectorales; uno porta radio y otro multiprop\u00f3sito. Incluye bolsillos interiores de parche y con cintas reflectivas en delanteros y espalda.<\/li>\n<\/ul>\n","protected":false},"excerpt":{"rendered":"<p>Ge\u00f3logo de trabajo con gran resistencia, trato rudo a los lavados industriales con excelente repelencia ante los l\u00edquidos \u00e1cidos y con excelente protecci\u00f3n filtro solar. Composici\u00f3n: 100% Poli\u00e9ster. Peso: 230 gr\/m2 +-5%. De corte recto, sin mangas, cuello en \u201cV\u201d, bolsillos pectorales; uno porta radio y otro multiprop\u00f3sito. Incluye bolsillos interiores de parche y con [&hellip;]<\/p>\n","protected":false},"featured_media":627,"comment_status":"open","ping_status":"closed","template":"","meta":[],"product_brand":[],"product_cat":[41],"product_tag":[],"class_list":{"0":"post-625","1":"product","2":"type-product","3":"status-publish","4":"has-post-thumbnail","6":"product_cat-chalecos-geologos","8":"first","9":"instock","10":"shipping-taxable","11":"product-type-simple"},"_links":{"self":[{"href":"https:\/\/mbxglobal.cl\/index.php\/wp-json\/wp\/v2\/product\/625","targetHints":{"allow":["GET"]}}],"collection":[{"href":"https:\/\/mbxglobal.cl\/index.php\/wp-json\/wp\/v2\/product"}],"about":[{"href":"https:\/\/mbxglobal.cl\/index.php\/wp-json\/wp\/v2\/types\/product"}],"replies":[{"embeddable":true,"href":"https:\/\/mbxglobal.cl\/index.php\/wp-json\/wp\/v2\/comments?post=625"}],"wp:featuredmedia":[{"embeddable":true,"href":"https:\/\/mbxglobal.cl\/index.php\/wp-json\/wp\/v2\/media\/627"}],"wp:attachment":[{"href":"https:\/\/mbxglobal.cl\/index.php\/wp-json\/wp\/v2\/media?parent=625"}],"wp:term":[{"taxonomy":"product_brand","embeddable":true,"href":"https:\/\/mbxglobal.cl\/index.php\/wp-json\/wp\/v2\/product_brand?post=625"},{"taxonomy":"product_cat","embeddable":true,"href":"https:\/\/mbxglobal.cl\/index.php\/wp-json\/wp\/v2\/product_cat?post=625"},{"taxonomy":"product_tag","embeddable":true,"href":"https:\/\/mbxglobal.cl\/index.php\/wp-json\/wp\/v2\/product_tag?post=625"}],"curies":[{"name":"wp","href":"https:\/\/api.w.org\/{rel}","templated":true}]}}