{"id":671,"date":"2025-03-12T18:24:39","date_gmt":"2025-03-12T18:24:39","guid":{"rendered":"https:\/\/mbxglobal.cl\/?post_type=product&#038;p=671"},"modified":"2025-03-12T18:27:28","modified_gmt":"2025-03-12T18:27:28","slug":"blusa-outwork-ripstop-jubae-mujer","status":"publish","type":"product","link":"https:\/\/mbxglobal.cl\/index.php\/product\/blusa-outwork-ripstop-jubae-mujer\/","title":{"rendered":"BLUSA OUTWORK RIPSTOP JUBAE MUJER"},"content":{"rendered":"<ul>\n<li>Composici\u00f3n: 100% Poli\u00e9ster<\/li>\n<li>Gramaje: 100 Gramos<\/li>\n<li>G\u00e9nero: Mujer<\/li>\n<li>Tela: Ristop<\/li>\n<li>Atributos:<br \/>\n&#8211; Detalles Reflectivos<br \/>\n&#8211; Liviano<br \/>\n&#8211; Respirable<br \/>\n&#8211; Secado R\u00e1pido<\/li>\n<li>Tela Ripstop<\/li>\n<li>Tecnolog\u00edas:<br \/>\n&#8211; Protecci\u00f3n UV<br \/>\n&#8211; Tratamiento De Tefl\u00f3n<\/li>\n<\/ul>\n","protected":false},"excerpt":{"rendered":"<p>Blusa Ripstop Jubae: resistente, liviana y transpirable, dise\u00f1ada para brindar comodidad y durabilidad. Con detalles reflectivos para mayor seguridad, secado r\u00e1pido y protecci\u00f3n UV contra los rayos solares. Su tratamiento de tefl\u00f3n la hace resistente al agua y a las manchas, ideal para actividades al aire libre. Una prenda funcional y vers\u00e1til que combina estilo y protecci\u00f3n.<\/p>\n","protected":false},"featured_media":674,"comment_status":"open","ping_status":"closed","template":"","meta":[],"product_brand":[],"product_cat":[24],"product_tag":[],"class_list":{"0":"post-671","1":"product","2":"type-product","3":"status-publish","4":"has-post-thumbnail","6":"product_cat-blusas","8":"first","9":"instock","10":"shipping-taxable","11":"product-type-simple"},"_links":{"self":[{"href":"https:\/\/mbxglobal.cl\/index.php\/wp-json\/wp\/v2\/product\/671","targetHints":{"allow":["GET"]}}],"collection":[{"href":"https:\/\/mbxglobal.cl\/index.php\/wp-json\/wp\/v2\/product"}],"about":[{"href":"https:\/\/mbxglobal.cl\/index.php\/wp-json\/wp\/v2\/types\/product"}],"replies":[{"embeddable":true,"href":"https:\/\/mbxglobal.cl\/index.php\/wp-json\/wp\/v2\/comments?post=671"}],"wp:featuredmedia":[{"embeddable":true,"href":"https:\/\/mbxglobal.cl\/index.php\/wp-json\/wp\/v2\/media\/674"}],"wp:attachment":[{"href":"https:\/\/mbxglobal.cl\/index.php\/wp-json\/wp\/v2\/media?parent=671"}],"wp:term":[{"taxonomy":"product_brand","embeddable":true,"href":"https:\/\/mbxglobal.cl\/index.php\/wp-json\/wp\/v2\/product_brand?post=671"},{"taxonomy":"product_cat","embeddable":true,"href":"https:\/\/mbxglobal.cl\/index.php\/wp-json\/wp\/v2\/product_cat?post=671"},{"taxonomy":"product_tag","embeddable":true,"href":"https:\/\/mbxglobal.cl\/index.php\/wp-json\/wp\/v2\/product_tag?post=671"}],"curies":[{"name":"wp","href":"https:\/\/api.w.org\/{rel}","templated":true}]}}