{"id":689,"date":"2025-03-12T18:38:12","date_gmt":"2025-03-12T18:38:12","guid":{"rendered":"https:\/\/mbxglobal.cl\/?post_type=product&#038;p=689"},"modified":"2025-03-12T18:38:12","modified_gmt":"2025-03-12T18:38:12","slug":"chaqueta-rhelmu-mujer","status":"publish","type":"product","link":"https:\/\/mbxglobal.cl\/index.php\/product\/chaqueta-rhelmu-mujer\/","title":{"rendered":"CHAQUETA RHELMU MUJER"},"content":{"rendered":"<ul>\n<li>Composici\u00f3n: 94% Poli\u00e9ster, 6% Spandex<\/li>\n<li>Gramaje: 280 Gramos<\/li>\n<li>G\u00e9nero: Hombre<\/li>\n<li>Tela: Softshell<\/li>\n<li>Atributos:<br \/>\n\u2013 Liviano<br \/>\n\u2013 Repelente Al Agua<br \/>\n\u2013 Respirable<br \/>\n\u2013 T\u00e9rmico<\/li>\n<li>Tecnolog\u00edas: Active Heat<\/li>\n<li>Tipo De Manga: Manga Larga<\/li>\n<\/ul>\n","protected":false},"excerpt":{"rendered":"<p>El\u00a0<strong data-start=\"3\" data-end=\"31\">Softshell Rhelmu Liviano<\/strong>\u00a0combina sofisticaci\u00f3n y funcionalidad. Su tejido ligero y c\u00f3modo, con tecnolog\u00eda\u00a0<strong data-start=\"113\" data-end=\"128\">Active Heat<\/strong>, regula la temperatura para adaptarse a cualquier clima. Repelente al agua y altamente transpirable, te mantiene seco y fresco en todo momento. Ideal para un rendimiento superior y un estilo activo.<\/p>\n","protected":false},"featured_media":692,"comment_status":"open","ping_status":"closed","template":"","meta":[],"product_brand":[],"product_cat":[50],"product_tag":[],"class_list":{"0":"post-689","1":"product","2":"type-product","3":"status-publish","4":"has-post-thumbnail","6":"product_cat-softshell-cortavientos-mujeres","8":"first","9":"instock","10":"shipping-taxable","11":"product-type-simple"},"_links":{"self":[{"href":"https:\/\/mbxglobal.cl\/index.php\/wp-json\/wp\/v2\/product\/689","targetHints":{"allow":["GET"]}}],"collection":[{"href":"https:\/\/mbxglobal.cl\/index.php\/wp-json\/wp\/v2\/product"}],"about":[{"href":"https:\/\/mbxglobal.cl\/index.php\/wp-json\/wp\/v2\/types\/product"}],"replies":[{"embeddable":true,"href":"https:\/\/mbxglobal.cl\/index.php\/wp-json\/wp\/v2\/comments?post=689"}],"wp:featuredmedia":[{"embeddable":true,"href":"https:\/\/mbxglobal.cl\/index.php\/wp-json\/wp\/v2\/media\/692"}],"wp:attachment":[{"href":"https:\/\/mbxglobal.cl\/index.php\/wp-json\/wp\/v2\/media?parent=689"}],"wp:term":[{"taxonomy":"product_brand","embeddable":true,"href":"https:\/\/mbxglobal.cl\/index.php\/wp-json\/wp\/v2\/product_brand?post=689"},{"taxonomy":"product_cat","embeddable":true,"href":"https:\/\/mbxglobal.cl\/index.php\/wp-json\/wp\/v2\/product_cat?post=689"},{"taxonomy":"product_tag","embeddable":true,"href":"https:\/\/mbxglobal.cl\/index.php\/wp-json\/wp\/v2\/product_tag?post=689"}],"curies":[{"name":"wp","href":"https:\/\/api.w.org\/{rel}","templated":true}]}}