{"id":701,"date":"2025-03-12T18:46:53","date_gmt":"2025-03-12T18:46:53","guid":{"rendered":"https:\/\/mbxglobal.cl\/?post_type=product&#038;p=701"},"modified":"2025-03-12T18:47:24","modified_gmt":"2025-03-12T18:47:24","slug":"chaqueta-termica-light-mujer","status":"publish","type":"product","link":"https:\/\/mbxglobal.cl\/index.php\/product\/chaqueta-termica-light-mujer\/","title":{"rendered":"CHAQUETA T\u00c9RMICA LIGHT MUJER"},"content":{"rendered":"<ul>\n<li>Composici\u00f3n: 100% Nylon<\/li>\n<li>Gramaje: 37 Gramos<\/li>\n<li>G\u00e9nero: Hombre<\/li>\n<li>Tela: Nylon<\/li>\n<li>Atributos:<br \/>\n\u2013 Liviano<br \/>\n\u2013 Repelente Al Agua<br \/>\n\u2013 T\u00e9rmico<\/li>\n<li>Tipo De Manga: Manga Larga<\/li>\n<\/ul>\n","protected":false},"excerpt":{"rendered":"<p>La\u00a0<strong data-start=\"3\" data-end=\"26\">Parka T\u00e9rmica Light<\/strong>\u00a0combina protecci\u00f3n, comodidad y sostenibilidad. Dise\u00f1ada con\u00a0<strong data-start=\"88\" data-end=\"111\">tecnolog\u00eda Ecolight<\/strong>, repele el agua y brinda calidez con un aislamiento liviano y eficiente. Su dise\u00f1o ligero permite libertad de movimiento, mientras que su enfoque ecol\u00f3gico a\u00f1ade un toque moderno y responsable a tu estilo.<\/p>\n","protected":false},"featured_media":704,"comment_status":"open","ping_status":"closed","template":"","meta":[],"product_brand":[],"product_cat":[15,47],"product_tag":[],"class_list":{"0":"post-701","1":"product","2":"type-product","3":"status-publish","4":"has-post-thumbnail","6":"product_cat-uncategorized","7":"product_cat-chaquetas-mujeres","9":"first","10":"instock","11":"shipping-taxable","12":"product-type-simple"},"_links":{"self":[{"href":"https:\/\/mbxglobal.cl\/index.php\/wp-json\/wp\/v2\/product\/701","targetHints":{"allow":["GET"]}}],"collection":[{"href":"https:\/\/mbxglobal.cl\/index.php\/wp-json\/wp\/v2\/product"}],"about":[{"href":"https:\/\/mbxglobal.cl\/index.php\/wp-json\/wp\/v2\/types\/product"}],"replies":[{"embeddable":true,"href":"https:\/\/mbxglobal.cl\/index.php\/wp-json\/wp\/v2\/comments?post=701"}],"wp:featuredmedia":[{"embeddable":true,"href":"https:\/\/mbxglobal.cl\/index.php\/wp-json\/wp\/v2\/media\/704"}],"wp:attachment":[{"href":"https:\/\/mbxglobal.cl\/index.php\/wp-json\/wp\/v2\/media?parent=701"}],"wp:term":[{"taxonomy":"product_brand","embeddable":true,"href":"https:\/\/mbxglobal.cl\/index.php\/wp-json\/wp\/v2\/product_brand?post=701"},{"taxonomy":"product_cat","embeddable":true,"href":"https:\/\/mbxglobal.cl\/index.php\/wp-json\/wp\/v2\/product_cat?post=701"},{"taxonomy":"product_tag","embeddable":true,"href":"https:\/\/mbxglobal.cl\/index.php\/wp-json\/wp\/v2\/product_tag?post=701"}],"curies":[{"name":"wp","href":"https:\/\/api.w.org\/{rel}","templated":true}]}}