{"id":705,"date":"2025-03-12T18:49:39","date_gmt":"2025-03-12T18:49:39","guid":{"rendered":"https:\/\/mbxglobal.cl\/?post_type=product&#038;p=705"},"modified":"2025-03-12T18:49:39","modified_gmt":"2025-03-12T18:49:39","slug":"chaqueta-termica-navigator-hombre","status":"publish","type":"product","link":"https:\/\/mbxglobal.cl\/index.php\/product\/chaqueta-termica-navigator-hombre\/","title":{"rendered":"CHAQUETA T\u00c9RMICA NAVIGATOR HOMBRE"},"content":{"rendered":"<ul>\n<li>Composici\u00f3n: 100% Poli\u00e9ster<\/li>\n<li>Gramaje: 175 Gramos<\/li>\n<li>G\u00e9nero: Hombre<\/li>\n<li>Tela: Oxford 300D Con PU<\/li>\n<li>Atributos:<br \/>\n&#8211; Capa De Goma<br \/>\n&#8211; Costura Sellada<br \/>\n&#8211; Impermeable<br \/>\n&#8211; Respirable<br \/>\n&#8211; T\u00e9rmico<\/li>\n<li>Tipo De Manga: Manga Larga<\/li>\n<\/ul>\n","protected":false},"excerpt":{"rendered":"<p>La <strong data-start=\"3\" data-end=\"43\">Chaqueta T\u00e9rmica Navigator High Tech<\/strong> combina rendimiento y elegancia para aventureros exigentes. Su capa de goma impermeable y costuras selladas brindan protecci\u00f3n total contra la lluvia, mientras que su alta transpirabilidad garantiza comodidad. Con tecnolog\u00eda t\u00e9rmica para mantener el calor y un dise\u00f1o de manga larga para mayor protecci\u00f3n, es ideal para cualquier exploraci\u00f3n, asegurando estilo y funcionalidad en todo momento.<\/p>\n","protected":false},"featured_media":708,"comment_status":"open","ping_status":"closed","template":"","meta":[],"product_brand":[],"product_cat":[30],"product_tag":[],"class_list":{"0":"post-705","1":"product","2":"type-product","3":"status-publish","4":"has-post-thumbnail","6":"product_cat-chaquetas","8":"first","9":"instock","10":"shipping-taxable","11":"product-type-simple"},"_links":{"self":[{"href":"https:\/\/mbxglobal.cl\/index.php\/wp-json\/wp\/v2\/product\/705","targetHints":{"allow":["GET"]}}],"collection":[{"href":"https:\/\/mbxglobal.cl\/index.php\/wp-json\/wp\/v2\/product"}],"about":[{"href":"https:\/\/mbxglobal.cl\/index.php\/wp-json\/wp\/v2\/types\/product"}],"replies":[{"embeddable":true,"href":"https:\/\/mbxglobal.cl\/index.php\/wp-json\/wp\/v2\/comments?post=705"}],"wp:featuredmedia":[{"embeddable":true,"href":"https:\/\/mbxglobal.cl\/index.php\/wp-json\/wp\/v2\/media\/708"}],"wp:attachment":[{"href":"https:\/\/mbxglobal.cl\/index.php\/wp-json\/wp\/v2\/media?parent=705"}],"wp:term":[{"taxonomy":"product_brand","embeddable":true,"href":"https:\/\/mbxglobal.cl\/index.php\/wp-json\/wp\/v2\/product_brand?post=705"},{"taxonomy":"product_cat","embeddable":true,"href":"https:\/\/mbxglobal.cl\/index.php\/wp-json\/wp\/v2\/product_cat?post=705"},{"taxonomy":"product_tag","embeddable":true,"href":"https:\/\/mbxglobal.cl\/index.php\/wp-json\/wp\/v2\/product_tag?post=705"}],"curies":[{"name":"wp","href":"https:\/\/api.w.org\/{rel}","templated":true}]}}