{"id":732,"date":"2025-03-12T19:13:15","date_gmt":"2025-03-12T19:13:15","guid":{"rendered":"https:\/\/mbxglobal.cl\/?post_type=product&#038;p=732"},"modified":"2025-03-12T19:13:15","modified_gmt":"2025-03-12T19:13:15","slug":"primera-capa-practical-line-hombre","status":"publish","type":"product","link":"https:\/\/mbxglobal.cl\/index.php\/product\/primera-capa-practical-line-hombre\/","title":{"rendered":"PRIMERA CAPA PRACTICAL LINE HOMBRE"},"content":{"rendered":"<ul>\n<li>Composici\u00f3n: 100% Poli\u00e9ster<\/li>\n<li>Gramaje: 120 Gramos<\/li>\n<li>G\u00e9nero: Hombre<\/li>\n<li>Tela: Eye Bird<\/li>\n<li>Atributos:<br \/>\n&#8211; Liviano<br \/>\n&#8211; Respirable<br \/>\n&#8211; Secado R\u00e1pido<\/li>\n<li>Tipo De Manga: Manga Larga<\/li>\n<\/ul>\n","protected":false},"excerpt":{"rendered":"<p>La primera capa tiene como funci\u00f3n principal alejar nuestro sudor de la piel, manteniendo la piel seca y evitando que el cuerpo se enfri\u00e9, nuestro conjunto de primera capa es vers\u00e1til y c\u00f3modo, fabricado en tela Strecht que otorga un dise\u00f1o ergonom\u00e9trico y libre de movimiento. Cuenta con cuello elasticado y costuras planas para mayor comodidad y libre de roce. Prenda confeccionada en tela de secado r\u00e1pido, ideal para uso diario.<\/p>\n","protected":false},"featured_media":735,"comment_status":"open","ping_status":"closed","template":"","meta":[],"product_brand":[],"product_cat":[40],"product_tag":[],"class_list":{"0":"post-732","1":"product","2":"type-product","3":"status-publish","4":"has-post-thumbnail","6":"product_cat-primeras-capas","8":"first","9":"instock","10":"shipping-taxable","11":"product-type-simple"},"_links":{"self":[{"href":"https:\/\/mbxglobal.cl\/index.php\/wp-json\/wp\/v2\/product\/732","targetHints":{"allow":["GET"]}}],"collection":[{"href":"https:\/\/mbxglobal.cl\/index.php\/wp-json\/wp\/v2\/product"}],"about":[{"href":"https:\/\/mbxglobal.cl\/index.php\/wp-json\/wp\/v2\/types\/product"}],"replies":[{"embeddable":true,"href":"https:\/\/mbxglobal.cl\/index.php\/wp-json\/wp\/v2\/comments?post=732"}],"wp:featuredmedia":[{"embeddable":true,"href":"https:\/\/mbxglobal.cl\/index.php\/wp-json\/wp\/v2\/media\/735"}],"wp:attachment":[{"href":"https:\/\/mbxglobal.cl\/index.php\/wp-json\/wp\/v2\/media?parent=732"}],"wp:term":[{"taxonomy":"product_brand","embeddable":true,"href":"https:\/\/mbxglobal.cl\/index.php\/wp-json\/wp\/v2\/product_brand?post=732"},{"taxonomy":"product_cat","embeddable":true,"href":"https:\/\/mbxglobal.cl\/index.php\/wp-json\/wp\/v2\/product_cat?post=732"},{"taxonomy":"product_tag","embeddable":true,"href":"https:\/\/mbxglobal.cl\/index.php\/wp-json\/wp\/v2\/product_tag?post=732"}],"curies":[{"name":"wp","href":"https:\/\/api.w.org\/{rel}","templated":true}]}}